{"id":232,"date":"2022-02-15T19:02:53","date_gmt":"2022-02-15T18:02:53","guid":{"rendered":"https:\/\/www.sankt-martin-in-gerresheim.de\/wp\/?page_id=232"},"modified":"2025-11-04T22:19:28","modified_gmt":"2025-11-04T21:19:28","slug":"mitmachen","status":"publish","type":"page","link":"https:\/\/www.sankt-martin-in-gerresheim.de\/wp\/mitmachen\/","title":{"rendered":"Mitmachen"},"content":{"rendered":"\n<p><strong>Gestalten Sie das Gerresheimer Martinsfest mit \u2013 f\u00fcr ein lebendiges Brauchtum voller W\u00e4rme und Gemeinschaft!<\/strong><br>Sie m\u00f6chten sich f\u00fcr unser sch\u00f6nes Martinsfest engagieren und Teil einer herzlichen Gemeinschaft werden? Dann laden wir Sie herzlich ein, bei uns mitzumachen!<\/p>\n\n\n\n<p>Es gibt zahlreiche M\u00f6glichkeiten, sich einzubringen \u2013 sei es bei der Organisation, der kreativen Gestaltung oder mit helfenden H\u00e4nden vor Ort.<br>Als kostenfreies Mitglied k\u00f6nnen Sie aktiv dazu beitragen, dass unser traditionsreiches Fest jedes Jahr aufs Neue Menschen verbindet und zum Leuchten bringt.<\/p>\n\n\n\n<p><strong>Werden Sie Teil unserer Gemeinschaft \u2013 gemeinsam f\u00fcr ein Fest, das Herzen ber\u00fchrt!<\/strong><\/p>\n\n\n\n<p><a href=\"https:\/\/www.sankt-martin-in-gerresheim.de\/wp\/mitglied-werden\/\">Hier klicken um Mitglied zu werden<\/a><\/p>\n\n\n\n<p><\/p>\n\n\n\n<p><\/p>\n\n\n\n<p><\/p>\n","protected":false},"excerpt":{"rendered":"<p>Gestalten Sie das Gerresheimer Martinsfest mit \u2013 f\u00fcr ein lebendiges Brauchtum voller W\u00e4rme und Gemeinschaft!Sie m\u00f6chten sich f\u00fcr unser sch\u00f6nes Martinsfest engagieren und Teil einer herzlichen Gemeinschaft werden? Dann laden wir Sie herzlich ein, bei uns mitzumachen! Es gibt zahlreiche M\u00f6glichkeiten, sich einzubringen \u2013 sei es bei der Organisation, der kreativen Gestaltung oder mit helfenden &hellip; <\/p>\n<p class=\"link-more\"><a href=\"https:\/\/www.sankt-martin-in-gerresheim.de\/wp\/mitmachen\/\" class=\"more-link\"><span class=\"screen-reader-text\">\u201eMitmachen\u201c<\/span> weiterlesen<\/a><\/p>\n","protected":false},"author":1,"featured_media":0,"parent":0,"menu_order":0,"comment_status":"closed","ping_status":"closed","template":"","meta":{"footnotes":""},"class_list":["post-232","page","type-page","status-publish","hentry"],"_links":{"self":[{"href":"https:\/\/www.sankt-martin-in-gerresheim.de\/wp\/wp-json\/wp\/v2\/pages\/232","targetHints":{"allow":["GET"]}}],"collection":[{"href":"https:\/\/www.sankt-martin-in-gerresheim.de\/wp\/wp-json\/wp\/v2\/pages"}],"about":[{"href":"https:\/\/www.sankt-martin-in-gerresheim.de\/wp\/wp-json\/wp\/v2\/types\/page"}],"author":[{"embeddable":true,"href":"https:\/\/www.sankt-martin-in-gerresheim.de\/wp\/wp-json\/wp\/v2\/users\/1"}],"replies":[{"embeddable":true,"href":"https:\/\/www.sankt-martin-in-gerresheim.de\/wp\/wp-json\/wp\/v2\/comments?post=232"}],"version-history":[{"count":3,"href":"https:\/\/www.sankt-martin-in-gerresheim.de\/wp\/wp-json\/wp\/v2\/pages\/232\/revisions"}],"predecessor-version":[{"id":1308,"href":"https:\/\/www.sankt-martin-in-gerresheim.de\/wp\/wp-json\/wp\/v2\/pages\/232\/revisions\/1308"}],"wp:attachment":[{"href":"https:\/\/www.sankt-martin-in-gerresheim.de\/wp\/wp-json\/wp\/v2\/media?parent=232"}],"curies":[{"name":"wp","href":"https:\/\/api.w.org\/{rel}","templated":true}]}}